{"id":25,"date":"2022-11-09T14:30:11","date_gmt":"2022-11-09T14:30:11","guid":{"rendered":"https:\/\/www.meoviarenovation.com\/?page_id=25"},"modified":"2023-02-06T12:03:10","modified_gmt":"2023-02-06T11:03:10","slug":"mentions-legales","status":"publish","type":"page","link":"https:\/\/hb-facilities.fr\/en\/mentions-legales\/","title":{"rendered":"Mentions l\u00e9gales"},"content":{"rendered":"<p class=\"has-text-align-center\" id=\"u8342-2\">Conform\u00e9ment \u00e0 la loi \u00ab informatique et libert\u00e9s \u00bb du 6 janvier 1978 modifi\u00e9e en 2004, vous b\u00e9n\u00e9ficiez d\u2019un droit d\u2019acc\u00e8s et de rectification aux informations qui vous concernent, que vous pouvez exercer en vous adressant \u00e0 :<\/p>\n\n\n\n<p class=\"has-text-align-center\" id=\"u8342-5\"><strong>HB Facilities<\/strong><\/p>\n\n\n\n<p class=\"has-text-align-center\" id=\"u8342-8\">3 B rue du Chemin Neuf<br>60 390, Auneuil<\/p>\n\n\n\n<p class=\"has-text-align-center\" id=\"u8342-13\">06 40 63 92 45<br>contact@hb-facilities.fr<\/p>\n\n\n\n<p class=\"has-text-align-center\" id=\"u8342-18\">siret N\u00b0 91135847100017<br>TVA N\u00b0 FR57911358471<\/p>\n\n\n\n<p class=\"has-text-align-center\" id=\"u8342-25\">\u00ab Les informations recueillies font l\u2019objet d\u2019un traitement informatique destin\u00e9 \u00e0 faciliter le traitement de votre dossier. \u00bb&nbsp;<\/p>\n\n\n\n<p class=\"has-text-align-center\" id=\"u8342-30\"><strong>&nbsp;LES DESTINATAIRES DES DONN\u00c9ES SONT :<\/strong>&nbsp;<\/p>\n\n\n\n<p class=\"has-text-align-center\" id=\"u8342-34\"><strong><strong>HB Facilities<\/strong><\/strong><\/p>\n\n\n\n<p class=\"has-text-align-center\" id=\"u8342-37\">3 B rue du Chemin Neuf<br>60 390, Auneuil<\/p>\n\n\n\n<p class=\"has-text-align-center\" id=\"u8342-42\">06 40 63 92 45<br>contact@hb-facilities.fr<\/p>\n\n\n\n<p class=\"has-text-align-center\" id=\"u8342-47\"><strong>&nbsp;EXPLOITATION DU SITE :<\/strong><\/p>\n\n\n\n<p class=\"has-text-align-center\" id=\"u8342-50\">&nbsp;<strong><strong><strong>HB Facilities<\/strong><\/strong><\/strong><\/p>\n\n\n\n<p class=\"has-text-align-center\" id=\"u8342-37\">3 B rue du Chemin Neuf<br>60 390, Auneuil<\/p>\n\n\n\n<p class=\"has-text-align-center\" id=\"u8342-42\">06 40 63 92 45<br>contact@hb-facilities.fr<\/p>\n\n\n\n<p class=\"has-text-align-center\" id=\"u8342-64\">Vous pouvez \u00e9galement, pour des motifs l\u00e9gitimes, vous opposer au traitement des donn\u00e9es vous concernant.<\/p>\n\n\n\n<p class=\"has-text-align-center\" id=\"u8342-69\">Conform\u00e9ment aux articles 39 et suivants de la loi n\u00b0 78-17 du 6 janvier 1978 modifi\u00e9e en 2004 relative \u00e0 l\u2019informatique, aux fichiers et aux libert\u00e9s, toute personne peut obtenir communication et, le cas \u00e9ch\u00e9ant, rectification ou suppression des informations la concernant, en s\u2019adressant au service :<\/p>\n\n\n\n<p class=\"has-text-align-center\" id=\"u8342-50\"><strong><strong><strong>HB Facilities<\/strong><\/strong><\/strong><\/p>\n\n\n\n<p class=\"has-text-align-center\" id=\"u8342-37\">3 B rue du Chemin Neuf<br>60 390, Auneuil<\/p>\n\n\n\n<p class=\"has-text-align-center\" id=\"u8342-42\">06 40 63 92 45<br>contact@hb-facilities.fr<\/p>\n\n\n\n<p class=\"has-text-align-center\" id=\"u8342-86\">Ce site utilise Google Analytics, un service d&rsquo;analyse de site Internet fourni par Google Inc. (\u00ab Google \u00bb). Google Analytics utilise des cookies, qui sont des fichiers texte plac\u00e9s sur votre ordinateur, pour aider le site internet \u00e0 analyser l&rsquo;utilisation du site par ses utilisateurs. Les donn\u00e9es g\u00e9n\u00e9r\u00e9es par les cookies concernant votre utilisation du site (y compris votre adresse IP) seront transmises et stock\u00e9es par Google sur des serveurs situ\u00e9s aux Etats-Unis. Google utilisera cette information dans le but d&rsquo;\u00e9valuer votre utilisation du site, de compiler des rapports sur l&rsquo;activit\u00e9 du site \u00e0 destination de son \u00e9diteur et de fournir d&rsquo;autres services relatifs \u00e0 l&rsquo;activit\u00e9 du site et \u00e0 l&rsquo;utilisation d&rsquo;Internet. Google est susceptible de communiquer ces donn\u00e9es \u00e0 des tiers en cas d&rsquo;obligation l\u00e9gale ou lorsque ces tiers traitent ces donn\u00e9es pour le compte de Google, y compris notamment l&rsquo;\u00e9diteur de ce site. Google ne recoupera pas votre adresse IP avec toute autre donn\u00e9e d\u00e9tenue par Google. Vous pouvez d\u00e9sactiver l&rsquo;utilisation de cookies en s\u00e9lectionnant les param\u00e8tres appropri\u00e9s de votre navigateur. Cependant, une telle d\u00e9sactivation pourrait emp\u00eacher l&rsquo;utilisation de certaines fonctionnalit\u00e9s de ce site. En utilisant ce site Internet, vous consentez express\u00e9ment au traitement de vos donn\u00e9es nominatives par Google dans les conditions et pour les finalit\u00e9s d\u00e9crites ci-dessus.<\/p>\n\n\n\n<p class=\"has-text-align-center\" id=\"u8342-90\"><strong>R\u00c9ALISATION CONCEPTION<\/strong><\/p>\n\n\n\n<p class=\"has-text-align-center\" id=\"u8342-93\">&nbsp;site internet<\/p>\n\n\n\n<p class=\"has-text-align-center\" id=\"u8342-96\">EI Baptiste Pottier&nbsp;<\/p>\n\n\n\n<p class=\"has-text-align-center\" id=\"u8342-99\">59 boulevard Mutuel, 72 000 le Mans<\/p>\n\n\n\n<p class=\"has-text-align-center\" id=\"u8342-102\">06 87 82 65 67<br>baptiste.pottier12@gmail.com<br>siret n\u00b0 84067625800048<\/p>\n\n\n\n<p class=\"has-text-align-center\" id=\"u8342-110\"><strong>H\u00c9BERGEMENT :<\/strong>&nbsp;<\/p>\n\n\n\n<p class=\"has-text-align-center\" id=\"u8342-113\">IONOS SARL<br>SAS au capital de 100 000 \u20ac&nbsp;<br>RCS Sarreguemines B 431 303 775<br>N\u00b0 TVA : FR13431303775<br>Si\u00e8ge social : 7 PL DE LA GARE 57200 SARREGUEMINES<\/p>\n\n\n\n<p class=\"has-text-align-center\" id=\"u8342-134\"><strong>TOUS DROITS R\u00c9SERV\u00c9S :&nbsp;Baptiste Pottier<\/strong><\/p>\n\n\n\n<p class=\"has-text-align-center\" id=\"u8342-139\">L&rsquo;ensemble de ce site rel\u00e8ve des l\u00e9gislations fran\u00e7aises et internationales sur le droit d&rsquo;auteur et la propri\u00e9t\u00e9 intellectuelle. Tous les droits de reproduction sont r\u00e9serv\u00e9s, y compris pour les documents iconographiques et photographiques.&nbsp;<\/p>\n\n\n\n<p class=\"has-text-align-center\" id=\"u8342-143\"><strong>DONN\u00c9ES PERSONNELLES<\/strong>&nbsp;<\/p>\n\n\n\n<p class=\"has-text-align-center\" id=\"u8342-146\">D&rsquo;une fa\u00e7on g\u00e9n\u00e9rale, vous pouvez visiter notre site sur Internet sans avoir \u00e0 d\u00e9cliner votre identit\u00e9 et \u00e0 fournir des informations personnelles vous concernant. Cependant, nous pouvons parfois vous demander des informations. Par exemple, pour traiter une commande, \u00e9tablir une correspondance, fournir un abonnement ou soumettre une candidature \u00e0 un poste. Nous pouvons compl\u00e9ter ces informations pour conclure une transaction ou offrir un meilleur service.<\/p>","protected":false},"excerpt":{"rendered":"<p>Conform\u00e9ment \u00e0 la loi \u00ab informatique et libert\u00e9s \u00bb du 6 janvier 1978 modifi\u00e9e en 2004, vous b\u00e9n\u00e9ficiez d\u2019un droit d\u2019acc\u00e8s et de rectification aux informations qui vous concernent, que vous pouvez exercer en vous adressant \u00e0 : HB Facilities 3 B rue du Chemin Neuf60 390, Auneuil 06 40 63 92 45contact@hb-facilities.fr siret N\u00b0&#8230;<\/p>","protected":false},"author":1,"featured_media":0,"parent":0,"menu_order":0,"comment_status":"closed","ping_status":"closed","template":"","meta":{"_eb_attr":"","_kad_blocks_custom_css":"","_kad_blocks_head_custom_js":"","_kad_blocks_body_custom_js":"","_kad_blocks_footer_custom_js":"","_kadence_starter_templates_imported_post":false,"_kad_post_transparent":"","_kad_post_title":"default","_kad_post_layout":"","_kad_post_sidebar_id":"","_kad_post_content_style":"default","_kad_post_vertical_padding":"default","_kad_post_feature":"","_kad_post_feature_position":"","_kad_post_header":false,"_kad_post_footer":false,"_kad_post_classname":"","footnotes":""},"class_list":["post-25","page","type-page","status-publish","hentry"],"yoast_head":"<!-- This site is optimized with the Yoast SEO plugin v27.3 - https:\/\/yoast.com\/product\/yoast-seo-wordpress\/ -->\n<title>Mentions l\u00e9gales - HB Facilities<\/title>\n<meta name=\"robots\" content=\"index, follow, max-snippet:-1, max-image-preview:large, max-video-preview:-1\" \/>\n<link rel=\"canonical\" href=\"https:\/\/hb-facilities.fr\/en\/mentions-legales\/\" \/>\n<meta property=\"og:locale\" content=\"en_US\" \/>\n<meta property=\"og:type\" content=\"article\" \/>\n<meta property=\"og:title\" content=\"Mentions l\u00e9gales - HB Facilities\" \/>\n<meta property=\"og:description\" content=\"Conform\u00e9ment \u00e0 la loi \u00ab informatique et libert\u00e9s \u00bb du 6 janvier 1978 modifi\u00e9e en 2004, vous b\u00e9n\u00e9ficiez d\u2019un droit d\u2019acc\u00e8s et de rectification aux informations qui vous concernent, que vous pouvez exercer en vous adressant \u00e0 : HB Facilities 3 B rue du Chemin Neuf60 390, Auneuil 06 40 63 92 45contact@hb-facilities.fr siret N\u00b0...\" \/>\n<meta property=\"og:url\" content=\"https:\/\/hb-facilities.fr\/en\/mentions-legales\/\" \/>\n<meta property=\"og:site_name\" content=\"HB Facilities\" \/>\n<meta property=\"article:modified_time\" content=\"2023-02-06T11:03:10+00:00\" \/>\n<meta name=\"twitter:card\" content=\"summary_large_image\" \/>\n<meta name=\"twitter:label1\" content=\"Est. reading time\" \/>\n\t<meta name=\"twitter:data1\" content=\"3 minutes\" \/>\n<script type=\"application\/ld+json\" class=\"yoast-schema-graph\">{\"@context\":\"https:\\\/\\\/schema.org\",\"@graph\":[{\"@type\":\"WebPage\",\"@id\":\"https:\\\/\\\/hb-facilities.fr\\\/mentions-legales\\\/\",\"url\":\"https:\\\/\\\/hb-facilities.fr\\\/mentions-legales\\\/\",\"name\":\"Mentions l\u00e9gales - HB Facilities\",\"isPartOf\":{\"@id\":\"https:\\\/\\\/hb-facilities.fr\\\/#website\"},\"datePublished\":\"2022-11-09T14:30:11+00:00\",\"dateModified\":\"2023-02-06T11:03:10+00:00\",\"breadcrumb\":{\"@id\":\"https:\\\/\\\/hb-facilities.fr\\\/mentions-legales\\\/#breadcrumb\"},\"inLanguage\":\"en-US\",\"potentialAction\":[{\"@type\":\"ReadAction\",\"target\":[\"https:\\\/\\\/hb-facilities.fr\\\/mentions-legales\\\/\"]}]},{\"@type\":\"BreadcrumbList\",\"@id\":\"https:\\\/\\\/hb-facilities.fr\\\/mentions-legales\\\/#breadcrumb\",\"itemListElement\":[{\"@type\":\"ListItem\",\"position\":1,\"name\":\"Accueil\",\"item\":\"https:\\\/\\\/hb-facilities.fr\\\/\"},{\"@type\":\"ListItem\",\"position\":2,\"name\":\"Mentions l\u00e9gales\"}]},{\"@type\":\"WebSite\",\"@id\":\"https:\\\/\\\/hb-facilities.fr\\\/#website\",\"url\":\"https:\\\/\\\/hb-facilities.fr\\\/\",\"name\":\"HB Facilities\",\"description\":\"\",\"publisher\":{\"@id\":\"https:\\\/\\\/hb-facilities.fr\\\/#organization\"},\"potentialAction\":[{\"@type\":\"SearchAction\",\"target\":{\"@type\":\"EntryPoint\",\"urlTemplate\":\"https:\\\/\\\/hb-facilities.fr\\\/?s={search_term_string}\"},\"query-input\":{\"@type\":\"PropertyValueSpecification\",\"valueRequired\":true,\"valueName\":\"search_term_string\"}}],\"inLanguage\":\"en-US\"},{\"@type\":\"Organization\",\"@id\":\"https:\\\/\\\/hb-facilities.fr\\\/#organization\",\"name\":\"HB Facilities\",\"url\":\"https:\\\/\\\/hb-facilities.fr\\\/\",\"logo\":{\"@type\":\"ImageObject\",\"inLanguage\":\"en-US\",\"@id\":\"https:\\\/\\\/hb-facilities.fr\\\/#\\\/schema\\\/logo\\\/image\\\/\",\"url\":\"https:\\\/\\\/hb-facilities.fr\\\/wp-content\\\/uploads\\\/2023\\\/02\\\/cropped-Logo-Transparent-1.png\",\"contentUrl\":\"https:\\\/\\\/hb-facilities.fr\\\/wp-content\\\/uploads\\\/2023\\\/02\\\/cropped-Logo-Transparent-1.png\",\"width\":1137,\"height\":940,\"caption\":\"HB Facilities\"},\"image\":{\"@id\":\"https:\\\/\\\/hb-facilities.fr\\\/#\\\/schema\\\/logo\\\/image\\\/\"}}]}<\/script>\n<!-- \/ Yoast SEO plugin. -->","yoast_head_json":{"title":"Mentions l\u00e9gales - HB Facilities","robots":{"index":"index","follow":"follow","max-snippet":"max-snippet:-1","max-image-preview":"max-image-preview:large","max-video-preview":"max-video-preview:-1"},"canonical":"https:\/\/hb-facilities.fr\/en\/mentions-legales\/","og_locale":"en_US","og_type":"article","og_title":"Mentions l\u00e9gales - HB Facilities","og_description":"Conform\u00e9ment \u00e0 la loi \u00ab informatique et libert\u00e9s \u00bb du 6 janvier 1978 modifi\u00e9e en 2004, vous b\u00e9n\u00e9ficiez d\u2019un droit d\u2019acc\u00e8s et de rectification aux informations qui vous concernent, que vous pouvez exercer en vous adressant \u00e0 : HB Facilities 3 B rue du Chemin Neuf60 390, Auneuil 06 40 63 92 45contact@hb-facilities.fr siret N\u00b0...","og_url":"https:\/\/hb-facilities.fr\/en\/mentions-legales\/","og_site_name":"HB Facilities","article_modified_time":"2023-02-06T11:03:10+00:00","twitter_card":"summary_large_image","twitter_misc":{"Est. reading time":"3 minutes"},"schema":{"@context":"https:\/\/schema.org","@graph":[{"@type":"WebPage","@id":"https:\/\/hb-facilities.fr\/mentions-legales\/","url":"https:\/\/hb-facilities.fr\/mentions-legales\/","name":"Mentions l\u00e9gales - HB Facilities","isPartOf":{"@id":"https:\/\/hb-facilities.fr\/#website"},"datePublished":"2022-11-09T14:30:11+00:00","dateModified":"2023-02-06T11:03:10+00:00","breadcrumb":{"@id":"https:\/\/hb-facilities.fr\/mentions-legales\/#breadcrumb"},"inLanguage":"en-US","potentialAction":[{"@type":"ReadAction","target":["https:\/\/hb-facilities.fr\/mentions-legales\/"]}]},{"@type":"BreadcrumbList","@id":"https:\/\/hb-facilities.fr\/mentions-legales\/#breadcrumb","itemListElement":[{"@type":"ListItem","position":1,"name":"Accueil","item":"https:\/\/hb-facilities.fr\/"},{"@type":"ListItem","position":2,"name":"Mentions l\u00e9gales"}]},{"@type":"WebSite","@id":"https:\/\/hb-facilities.fr\/#website","url":"https:\/\/hb-facilities.fr\/","name":"HB Facilities","description":"","publisher":{"@id":"https:\/\/hb-facilities.fr\/#organization"},"potentialAction":[{"@type":"SearchAction","target":{"@type":"EntryPoint","urlTemplate":"https:\/\/hb-facilities.fr\/?s={search_term_string}"},"query-input":{"@type":"PropertyValueSpecification","valueRequired":true,"valueName":"search_term_string"}}],"inLanguage":"en-US"},{"@type":"Organization","@id":"https:\/\/hb-facilities.fr\/#organization","name":"HB Facilities","url":"https:\/\/hb-facilities.fr\/","logo":{"@type":"ImageObject","inLanguage":"en-US","@id":"https:\/\/hb-facilities.fr\/#\/schema\/logo\/image\/","url":"https:\/\/hb-facilities.fr\/wp-content\/uploads\/2023\/02\/cropped-Logo-Transparent-1.png","contentUrl":"https:\/\/hb-facilities.fr\/wp-content\/uploads\/2023\/02\/cropped-Logo-Transparent-1.png","width":1137,"height":940,"caption":"HB Facilities"},"image":{"@id":"https:\/\/hb-facilities.fr\/#\/schema\/logo\/image\/"}}]}},"taxonomy_info":[],"featured_image_src_large":false,"author_info":{"display_name":"Hugo Boulogne","author_link":"https:\/\/hb-facilities.fr\/en\/author\/meovia\/"},"comment_info":0,"_links":{"self":[{"href":"https:\/\/hb-facilities.fr\/en\/wp-json\/wp\/v2\/pages\/25","targetHints":{"allow":["GET"]}}],"collection":[{"href":"https:\/\/hb-facilities.fr\/en\/wp-json\/wp\/v2\/pages"}],"about":[{"href":"https:\/\/hb-facilities.fr\/en\/wp-json\/wp\/v2\/types\/page"}],"author":[{"embeddable":true,"href":"https:\/\/hb-facilities.fr\/en\/wp-json\/wp\/v2\/users\/1"}],"replies":[{"embeddable":true,"href":"https:\/\/hb-facilities.fr\/en\/wp-json\/wp\/v2\/comments?post=25"}],"version-history":[{"count":6,"href":"https:\/\/hb-facilities.fr\/en\/wp-json\/wp\/v2\/pages\/25\/revisions"}],"predecessor-version":[{"id":694,"href":"https:\/\/hb-facilities.fr\/en\/wp-json\/wp\/v2\/pages\/25\/revisions\/694"}],"wp:attachment":[{"href":"https:\/\/hb-facilities.fr\/en\/wp-json\/wp\/v2\/media?parent=25"}],"curies":[{"name":"wp","href":"https:\/\/api.w.org\/{rel}","templated":true}]}}